{"id":7551,"date":"2025-12-07T15:04:15","date_gmt":"2025-12-07T14:04:15","guid":{"rendered":"https:\/\/moto-coach.de\/impronta\/"},"modified":"2025-12-07T15:04:15","modified_gmt":"2025-12-07T14:04:15","slug":"impronta","status":"publish","type":"page","link":"https:\/\/moto-coach.de\/it\/impronta\/","title":{"rendered":"Impronta"},"content":{"rendered":"<p>Informazioni ai sensi del \u00a7 5 TMG.<\/p>\n<p>MOTOCOACH<\/p>\n<p>Ronny K\u00f6lbl<br \/>\nCH-8132 Hinteregg<\/p>\n<p>motocoach.parts@gmail.com<\/p>\n<p><strong>Responsabilit\u00e0 per i contenuti<\/strong><br \/>\nI contenuti del nostro sito web sono stati creati con la massima cura. Tuttavia, non possiamo assumerci alcuna responsabilit\u00e0 per l&#8217;accuratezza, la completezza e l&#8217;attualit\u00e0 dei contenuti. In qualit\u00e0 di fornitore di servizi, siamo responsabili dei nostri contenuti su queste pagine ai sensi dell&#8217;articolo 7 (1) TMG (legge tedesca sui media telematici) e della legislazione generale. Ai sensi dei \u00a7\u00a7 8-10 TMG, tuttavia, in qualit\u00e0 di fornitore di servizi non siamo obbligati a monitorare le informazioni trasmesse o memorizzate da terzi o a indagare su circostanze che indicano un&#8217;attivit\u00e0 illegale. L&#8217;obbligo di rimuovere o bloccare l&#8217;uso delle informazioni in conformit\u00e0 alla legislazione generale rimane inalterato. Tuttavia, la responsabilit\u00e0 in questo senso \u00e8 possibile solo dal momento in cui si viene a conoscenza di una specifica violazione. Non appena verremo a conoscenza di tali violazioni, rimuoveremo immediatamente i contenuti.       <\/p>\n<p><strong>Responsabilit\u00e0 per i link<\/strong><br \/>\nIl nostro sito web contiene link a siti web esterni di terzi sui cui contenuti non abbiamo alcuna influenza. Pertanto, non possiamo assumerci alcuna responsabilit\u00e0 per questi contenuti di terzi. Il rispettivo fornitore o gestore delle pagine \u00e8 sempre responsabile del contenuto delle pagine collegate. Le pagine collegate sono state controllate per verificare la presenza di eventuali violazioni legali al momento del collegamento. I contenuti illegali non sono stati individuati al momento del collegamento. Tuttavia, il monitoraggio permanente del contenuto delle pagine collegate non \u00e8 ragionevole in assenza di prove concrete di una violazione. Se dovessimo venire a conoscenza di eventuali violazioni legali, rimuoveremo immediatamente tali link.      <\/p>\n<p><strong>Copyright<\/strong><br \/>\nI contenuti e le opere create dagli operatori del sito in queste pagine sono soggetti alla legge tedesca sul copyright. La duplicazione, l&#8217;elaborazione, la distribuzione e qualsiasi forma di commercializzazione di tale materiale al di fuori dell&#8217;ambito di applicazione della legge sul diritto d&#8217;autore richiede il previo consenso scritto del rispettivo autore o creatore. I download e le copie di questo sito sono consentiti solo per uso privato e non commerciale. Nella misura in cui i contenuti di questo sito non sono stati creati dall&#8217;operatore, vengono rispettati i diritti d&#8217;autore di terzi. In particolare, i contenuti di terzi sono contrassegnati come tali. Se tuttavia dovessi venire a conoscenza di una violazione del copyright, ti preghiamo di informarci di conseguenza. Qualora venissimo a conoscenza di violazioni, rimuoveremo immediatamente tali contenuti.      <\/p>\n<p>Clicca qui per le nostre <a href=\"https:\/\/test.moto-coach.de\/datenschutzerklaerung\/\">informazioni sulla protezione dei dati<\/a>.<\/p>\n","protected":false},"excerpt":{"rendered":"<p>Informazioni ai sensi del \u00a7 5 TMG. MOTOCOACH Ronny K\u00f6lbl CH-8132 Hinteregg motocoach.parts@gmail.com Responsabilit\u00e0 per i contenuti I contenuti del nostro sito web sono stati creati con la massima cura. Tuttavia, non possiamo assumerci alcuna responsabilit\u00e0 per l&#8217;accuratezza, la completezza e l&#8217;attualit\u00e0 dei contenuti. In qualit\u00e0 di fornitore di servizi, siamo responsabili dei nostri contenuti [&hellip;]<\/p>\n","protected":false},"author":1,"featured_media":0,"parent":0,"menu_order":0,"comment_status":"closed","ping_status":"closed","template":"","meta":{"footnotes":""},"class_list":["post-7551","page","type-page","status-publish","hentry"],"_links":{"self":[{"href":"https:\/\/moto-coach.de\/it\/wp-json\/wp\/v2\/pages\/7551","targetHints":{"allow":["GET"]}}],"collection":[{"href":"https:\/\/moto-coach.de\/it\/wp-json\/wp\/v2\/pages"}],"about":[{"href":"https:\/\/moto-coach.de\/it\/wp-json\/wp\/v2\/types\/page"}],"author":[{"embeddable":true,"href":"https:\/\/moto-coach.de\/it\/wp-json\/wp\/v2\/users\/1"}],"replies":[{"embeddable":true,"href":"https:\/\/moto-coach.de\/it\/wp-json\/wp\/v2\/comments?post=7551"}],"version-history":[{"count":0,"href":"https:\/\/moto-coach.de\/it\/wp-json\/wp\/v2\/pages\/7551\/revisions"}],"wp:attachment":[{"href":"https:\/\/moto-coach.de\/it\/wp-json\/wp\/v2\/media?parent=7551"}],"curies":[{"name":"wp","href":"https:\/\/api.w.org\/{rel}","templated":true}]}}