{"id":7552,"date":"2025-12-07T15:04:15","date_gmt":"2025-12-07T14:04:15","guid":{"rendered":"https:\/\/moto-coach.de\/pie-de-imprenta\/"},"modified":"2025-12-07T15:04:15","modified_gmt":"2025-12-07T14:04:15","slug":"pie-de-imprenta","status":"publish","type":"page","link":"https:\/\/moto-coach.de\/es\/pie-de-imprenta\/","title":{"rendered":"Pie de imprenta"},"content":{"rendered":"<p>Informaci\u00f3n seg\u00fan \u00a7 5 TMG.<\/p>\n<p>MOTOCOCHE<\/p>\n<p>Ronny K\u00f6lbl<br \/>\nCH-8132 Hinteregg<\/p>\n<p>motocoach.parts@gmail.com<\/p>\n<p><strong>Responsabilidad por el contenido<\/strong><br \/>\nEl contenido de nuestro sitio web ha sido creado con el m\u00e1ximo cuidado. Sin embargo, no podemos asumir ninguna responsabilidad por la exactitud, integridad y actualidad de los contenidos. Como proveedor de servicios, estamos obligados seg\u00fan \u00a7 7 p\u00e1rrafo 1 TMG es responsable de su propio contenido en estas p\u00e1ginas de acuerdo con las leyes generales. Sin embargo, seg\u00fan los \u00a7\u00a7 8 a 10 de la TMG, como proveedor de servicios no estamos obligados a controlar la informaci\u00f3n de terceros transmitida o almacenada ni a investigar circunstancias que indiquen una actividad ilegal. Esto no afecta a las obligaciones de eliminar o bloquear el uso de informaci\u00f3n de acuerdo con las leyes generales. Sin embargo, la responsabilidad a este respecto s\u00f3lo es posible a partir del momento en que se tiene conocimiento de una infracci\u00f3n concreta. Tan pronto como tengamos conocimiento de tales infracciones, eliminaremos este contenido inmediatamente.<\/p>\n<p><strong>Responsabilidad por enlaces<\/strong><br \/>\nNuestro sitio web contiene enlaces a sitios web externos de terceros sobre cuyo contenido no tenemos ninguna influencia. Por lo tanto, no podemos aceptar ninguna responsabilidad por este contenido de terceros. El respectivo proveedor u operador de las p\u00e1ginas es siempre responsable del contenido de las p\u00e1ginas enlazadas. Las p\u00e1ginas enlazadas se comprobaron para detectar posibles infracciones legales en el momento de enlazarlas. Los contenidos ilegales no eran reconocibles en el momento del enlace. Sin embargo, la vigilancia permanente del contenido de las p\u00e1ginas enlazadas no es razonable sin pruebas concretas de una infracci\u00f3n. Si tenemos conocimiento de alguna infracci\u00f3n legal, eliminaremos dichos enlaces inmediatamente.<\/p>\n<p><strong>Copyright<\/strong><br \/>\nEl contenido y las obras creadas por los operadores del sitio en estas p\u00e1ginas est\u00e1n sujetos a la legislaci\u00f3n alemana sobre derechos de autor. La reproducci\u00f3n, edici\u00f3n, distribuci\u00f3n y cualquier tipo de utilizaci\u00f3n fuera de los l\u00edmites de la ley de derechos de autor requieren el consentimiento por escrito del autor o creador respectivo. Las descargas y copias de este sitio s\u00f3lo est\u00e1n permitidas para uso privado y no comercial. En la medida en que el contenido de este sitio no haya sido creado por el operador, se respetan los derechos de autor de terceros. En particular, los contenidos de terceros se etiquetan como tales. Si, a pesar de todo, tuvieras conocimiento de una infracci\u00f3n de los derechos de autor, te rogamos que nos lo comuniques. Si tenemos conocimiento de alguna infracci\u00f3n legal, eliminaremos dicho contenido inmediatamente.<\/p>\n<p>Haz clic aqu\u00ed para consultar nuestra <a href=\"https:\/\/test.moto-coach.de\/datenschutzerklaerung\/\">informaci\u00f3n sobre protecci\u00f3n de datos<\/a>.<\/p>\n","protected":false},"excerpt":{"rendered":"<p>Informaci\u00f3n seg\u00fan \u00a7 5 TMG. MOTOCOCHE Ronny K\u00f6lbl CH-8132 Hinteregg motocoach.parts@gmail.com Responsabilidad por el contenido El contenido de nuestro sitio web ha sido creado con el m\u00e1ximo cuidado. Sin embargo, no podemos asumir ninguna responsabilidad por la exactitud, integridad y actualidad de los contenidos. Como proveedor de servicios, estamos obligados seg\u00fan \u00a7 7 p\u00e1rrafo 1 [&hellip;]<\/p>\n","protected":false},"author":1,"featured_media":0,"parent":0,"menu_order":0,"comment_status":"closed","ping_status":"closed","template":"","meta":{"footnotes":""},"class_list":["post-7552","page","type-page","status-publish","hentry"],"_links":{"self":[{"href":"https:\/\/moto-coach.de\/es\/wp-json\/wp\/v2\/pages\/7552","targetHints":{"allow":["GET"]}}],"collection":[{"href":"https:\/\/moto-coach.de\/es\/wp-json\/wp\/v2\/pages"}],"about":[{"href":"https:\/\/moto-coach.de\/es\/wp-json\/wp\/v2\/types\/page"}],"author":[{"embeddable":true,"href":"https:\/\/moto-coach.de\/es\/wp-json\/wp\/v2\/users\/1"}],"replies":[{"embeddable":true,"href":"https:\/\/moto-coach.de\/es\/wp-json\/wp\/v2\/comments?post=7552"}],"version-history":[{"count":0,"href":"https:\/\/moto-coach.de\/es\/wp-json\/wp\/v2\/pages\/7552\/revisions"}],"wp:attachment":[{"href":"https:\/\/moto-coach.de\/es\/wp-json\/wp\/v2\/media?parent=7552"}],"curies":[{"name":"wp","href":"https:\/\/api.w.org\/{rel}","templated":true}]}}