{"id":7393,"date":"2025-11-02T10:52:17","date_gmt":"2025-11-02T09:52:17","guid":{"rendered":"https:\/\/moto-coach.de\/politica-de-privacidad\/"},"modified":"2025-11-02T10:52:17","modified_gmt":"2025-11-02T09:52:17","slug":"politica-de-privacidad","status":"publish","type":"page","link":"https:\/\/moto-coach.de\/es\/politica-de-privacidad\/","title":{"rendered":"Pol\u00edtica de privacidad"},"content":{"rendered":"<p><strong>Informaci\u00f3n sobre el tratamiento de tus datos de acuerdo con el Art. 13 y el Art. 14 del Reglamento General de Protecci\u00f3n de Datos (RGPD)<\/strong><\/p>\n<p>1. informaci\u00f3n general<br \/> Datos de contacto del responsable del tratamiento y del delegado de protecci\u00f3n de datos<br \/>3. Tratamiento de datos al visitar nuestro sitio web 3. Tratamiento de datos al visitar nuestro sitio web<br \/>3.1. Prestaci\u00f3n del sitio web<br \/>3.2. Cookies y servicios<br \/>3.2.1. Cookies t\u00e9cnicamente necesarias (esenciales)<br \/>3.2.2. Cookies no t\u00e9cnicamente necesarias<br \/>4. Informaci\u00f3n sobre protecci\u00f3n de datos para clientes y partes interesadas Informaci\u00f3n sobre protecci\u00f3n de datos para clientes y partes interesadas<br \/>5. Cesi\u00f3n de datos a terceros u otros destinatarios Transferencia de datos a terceros u otros destinatarios<br \/>6. Encuestas, boletines y publicidad de servicios similares<br \/>7. Plazo de conservaci\u00f3n de los datos Periodo de almacenamiento de datos<br \/>8. Tus derechos como interesado<\/p>\n<p><strong>1. informaci\u00f3n general<\/strong><br \/>A continuaci\u00f3n nos gustar\u00eda informarte de c\u00f3mo utilizamos y almacenamos los datos personales. Si accedes a determinados servicios (por ejemplo, enviarnos un mensaje o registrarte en nuestro bolet\u00edn), es posible que se recojan datos personales. Cumplimos la normativa europea aplicable en materia de protecci\u00f3n de datos.  <\/p>\n<p><strong>2. datos de contacto del responsable del tratamiento y del delegado de protecci\u00f3n de datos<\/strong><\/p>\n<p>MOTOCOCHE<\/p>\n<p>Ronny K\u00f6lbl<br \/>CH-8132 Hinteregg<br \/>motocoach.parts@gmail.com<\/p>\n<p><strong>3. tratamiento de datos al visitar nuestro sitio web<\/strong><br \/>3.1 Entrega del sitio web<br \/>Cuando accedes a nuestro sitio web, tu navegador de Internet transmite autom\u00e1ticamente los siguientes datos a nuestro servidor web por razones t\u00e9cnicas:<\/p>\n<ul>\n<li>Direcci\u00f3n IP<\/li>\n<li>Fecha y hora de la petici\u00f3n al servidor<\/li>\n<li>URL del archivo recuperado<\/li>\n<li>Cantidad de datos transferidos<\/li>\n<li>Sistema operativo<\/li>\n<li>Informaci\u00f3n sobre el tipo y la versi\u00f3n del navegador utilizado<\/li>\n<li>Nombre del proveedor de internet<\/li>\n<li>Sitio web desde el que se accedi\u00f3 a este sitio web<\/li>\n<li>P\u00e1gina visitada en nuestro sitio web<\/li>\n<\/ul>\n<p>La recogida, el tratamiento y la utilizaci\u00f3n de los datos mencionados se llevan a cabo con el fin de permitir el uso y la prestaci\u00f3n de nuestro sitio web. Otros fines incluyen la seguridad de nuestros sistemas inform\u00e1ticos y la administraci\u00f3n t\u00e9cnica. La base jur\u00eddica para el tratamiento es el Art. 6 p\u00e1rr. 1 lit. f GDPR, en virtud del cual nuestro inter\u00e9s leg\u00edtimo se deriva de los fines antes mencionados.<br \/>Si decides ponerte en contacto con nosotros, tus datos se utilizar\u00e1n exclusivamente para procesar tu consulta y prestar los servicios que hayas solicitado. S\u00f3lo recogemos y tratamos otros datos personales si haces uso de determinados servicios y necesitamos tus datos para ello o si nos has dado tu consentimiento expreso. Por ejemplo, rellenando el formulario correspondiente o envi\u00e1ndonos un correo electr\u00f3nico, encarg\u00e1ndonos servicios o envi\u00e1ndonos consultas. La base jur\u00eddica para el tratamiento es el Art. 6 p\u00e1rr. 1 lit. b GDPR y el Art. 6 p\u00e1rr. 1 lit. f GDPR.           <\/p>\n<p>3.<strong>2 Cookies y servicios<\/strong><br \/>3.2.1 Cookies t\u00e9cnicamente necesarias (esenciales)<br \/>Las cookies esenciales son necesarias para garantizar las funciones b\u00e1sicas de nuestro sitio web y permitir su funcionamiento. El tratamiento se basa en nuestro inter\u00e9s leg\u00edtimo en la prestaci\u00f3n b\u00e1sica de nuestro sitio web. La base legal es el Art. 6 p\u00e1rrafo 1 f GDPR. Nuestro sitio web no puede funcionar sin estas cookies. Estas cookies s\u00f3lo se pueden desactivar en la configuraci\u00f3n del navegador.     <\/p>\n<p>3.2.1.1 Uso de un sistema de gesti\u00f3n de cookies<br \/>Este sitio web utiliza un sistema de gesti\u00f3n de cookies para obtener el consentimiento legalmente requerido para el uso de cookies. Por lo tanto, cuando visitas nuestro sitio web, se almacena una cookie en tu navegador en la que se documenta el consentimiento que has dado o una posible revocaci\u00f3n de este consentimiento. Estos datos no se transmiten a terceros.<br \/>Estos datos se almacenan y procesan sobre la base de nuestro inter\u00e9s leg\u00edtimo en la aplicaci\u00f3n conforme a derecho de los requisitos legales. La base legal para ello es el Art. 6 p\u00e1rr. 1 lit. f GDPR y el Art. 6 p\u00e1rr. 1 lit. c GDPR.       <\/p>\n<p>3.2.2 Cookies no t\u00e9cnicamente necesarias<br \/>En este sitio web no se utilizan cookies no t\u00e9cnicamente necesarias. En particular, no se establecen cookies con fines de an\u00e1lisis, marketing o seguimiento que requieran consentimiento previo de conformidad con el art. 6 p\u00e1rr. 1 lit. a GDPR.<br \/>Con esta exenci\u00f3n, te ofrecemos una experiencia en l\u00ednea especialmente segura y fiable, sin tratamiento oculto de datos y con plena atenci\u00f3n a tu privacidad.   <\/p>\n<p><strong>4. informaci\u00f3n sobre protecci\u00f3n de datos para clientes y<\/strong> partes interesadas<br \/>Procesamos los datos personales de clientes y partes interesadas como parte de la iniciaci\u00f3n, ejecuci\u00f3n y tramitaci\u00f3n de relaciones contractuales y para la tramitaci\u00f3n de consultas. Esto incluye, en particular, actividades como la elaboraci\u00f3n de informes periciales, el asesoramiento y la ejecuci\u00f3n de la planificaci\u00f3n de obras, la supervisi\u00f3n de obras, la planificaci\u00f3n urban\u00edstica y la asistencia en procedimientos. Adem\u00e1s, procesamos datos personales en relaci\u00f3n con actividades de consultor\u00eda, moderaci\u00f3n, conferencias, seminarios y gesti\u00f3n de proyectos. El tratamiento tambi\u00e9n tiene lugar en el contexto de proyectos de renaturalizaci\u00f3n de cursos de agua, planificaci\u00f3n de proyectos, planificaci\u00f3n de la ejecuci\u00f3n de la conservaci\u00f3n del paisaje y planificaci\u00f3n asistida por CAD.   <\/p>\n<p>En este contexto, tus datos se procesan en particular para los siguientes fines:<\/p>\n<ul>\n<li>Iniciaci\u00f3n y tramitaci\u00f3n de contratos, incluidos presupuestos y facturaci\u00f3n, ejecuci\u00f3n de proyectos y gesti\u00f3n de reclamaciones (Art. 6 p\u00e1rr. 1 lit. b GDPR)<\/li>\n<li>Comunicaci\u00f3n con socios comerciales sobre proyectos, servicios y consultas (Art. 6 p\u00e1rr. 1 lit. b y lit. f GDPR)<\/li>\n<li>Atenci\u00f3n al cliente y asistencia personalizada<\/li>\n<li>Informar sobre nuestra empresa, por ejemplo, en el contexto de informes anuales o referencias (Art. 6 p\u00e1rr. 1 lit. f GDPR), por lo que nuestro inter\u00e9s leg\u00edtimo reside en una presentaci\u00f3n transparente de la empresa y la promoci\u00f3n de nuestra imagen p\u00fablica.<\/li>\n<li>Cumplimiento de requisitos legales y contractuales (Art. 6 p\u00e1rr. 1 lit. c GDPR)<\/li>\n<li>Resoluci\u00f3n de litigios y para la ejecuci\u00f3n de contratos y para la afirmaci\u00f3n, defensa y ejercicio de reclamaciones legales (Art. 6 p\u00e1rrafo 1 lit. f GDPR), por lo que nuestro inter\u00e9s leg\u00edtimo reside en la protecci\u00f3n de nuestras reclamaciones legales y la defensa contra reclamaciones injustificadas.<\/li>\n<li>Sobre la base de tu consentimiento (Art. 6 p\u00e1rr. 1 lit. a GDPR), en la medida en que sea necesario para determinadas operaciones de tratamiento.<\/li>\n<\/ul>\n<p>Las categor\u00edas de datos personales tratados en este contexto pueden incluir, en particular, la siguiente informaci\u00f3n:<\/p>\n<ul>\n<li>Datos maestros (por ejemplo, nombre, datos de contacto, nombre de la empresa, direcci\u00f3n profesional, cargo)<\/li>\n<li>Datos contractuales y de facturaci\u00f3n<\/li>\n<li>Datos de comunicaci\u00f3n (por ejemplo, correspondencia electr\u00f3nica, notas telef\u00f3nicas)<\/li>\n<li>Datos de pago (por ejemplo, datos bancarios)<\/li>\n<li>Datos del proyecto (por ejemplo, requisitos espec\u00edficos para dict\u00e1menes periciales, proyectos de planificaci\u00f3n y ejecuci\u00f3n)<\/li>\n<li>Datos sobre quejas y reclamaciones<\/li>\n<li>Preferencias de comunicaci\u00f3n y servicio<\/li>\n<\/ul>\n<p><strong>5. transferencia de datos a terceros u otros destinatarios<\/strong><br \/>En determinados casos, estamos legalmente obligados a transferir datos a un organismo gubernamental solicitante, por ejemplo, en el marco de la legislaci\u00f3n nacional. La base jur\u00eddica para el tratamiento es el Art. 6 p\u00e1rr. 1 lit. c GDPR.<br \/>Al implicar a proveedores de servicios en el contexto del tratamiento de datos por encargo, cumplimos las disposiciones de protecci\u00f3n de datos de conformidad con el Art. 28 GDPR y el Art. 44 y siguientes GDPR. GDPR.<br \/>Adem\u00e1s, s\u00f3lo transmitimos datos a terceros si has dado tu consentimiento expreso para ello, si la transferencia es reconocidamente necesaria para la prestaci\u00f3n de un servicio solicitado por ti (por ejemplo, la participaci\u00f3n de un proveedor de servicios de env\u00edo) o si la transferencia est\u00e1 prevista por la ley.<br \/>En caso de transferencia de datos personales a pa\u00edses fuera de la UE o del EEE, tomamos todas las medidas necesarias para garantizar que se toman las medidas adecuadas para proteger tus datos personales de acuerdo con la normativa de protecci\u00f3n de datos, por ejemplo, la aplicaci\u00f3n de las cl\u00e1usulas contractuales tipo aprobadas por la Comisi\u00f3n de la UE.    <\/p>\n<p><strong>6. encuestas, boletines y publicidad de servicios similares<\/strong><br \/>Para asegurarnos de que nuestro servicio satisface tus necesidades, podemos utilizar tu direcci\u00f3n de correo electr\u00f3nico, que nos env\u00edas como parte de una consulta o pedido, para realizar encuestas de satisfacci\u00f3n del cliente. Como cliente, podemos -incluso sin tu consentimiento previo- enviarte publicidad por correo electr\u00f3nico de productos similares, como por ejemplo de servicios que nos hayas pedido o utilizado en el pasado. La base legal para el tratamiento es nuestro inter\u00e9s leg\u00edtimo en mejorar nuestros servicios (Art. 6 p\u00e1rr. 1 lit. f GDPR).  <br \/>Puedes oponerte a su uso futuro enviando un mensaje a los datos de contacto mencionados anteriormente o, en el caso de un bolet\u00edn informativo, utilizando el enlace de cancelaci\u00f3n de suscripci\u00f3n que contiene.<\/p>\n<p><strong>7. periodo de almacenamiento de datos<\/strong><br \/>Almacenamos los datos personales hasta que revoques tu consentimiento o los datos ya no sean necesarios para cumplir nuestros intereses comerciales o para prestar el servicio que has solicitado, o hasta que lo exija la ley.<\/p>\n<p><strong>8. tus derechos como interesado<\/strong><br \/>Tienes derecho a solicitar informaci\u00f3n gratuita en cualquier momento sobre la finalidad, el alcance, el origen y los destinatarios de los datos personales almacenados sobre ti (Art. 15 GDPR). Tambi\u00e9n tienes derecho a solicitar la rectificaci\u00f3n de datos inexactos o incompletos (Art. 16 GDPR).<br \/>De acuerdo con la normativa de protecci\u00f3n de datos, tambi\u00e9n tienes derecho a la supresi\u00f3n de tus datos personales, siempre que se cumplan los requisitos del Art. 17 GDPR (derecho al olvido), as\u00ed como el derecho a restringir el tratamiento de tus datos personales de conformidad con el Art. 18 GDPR.<br \/>Tambi\u00e9n tienes derecho a oponerte al tratamiento de tus datos personales en cualquier momento (Art. 21 GDPR) si \u00e9ste se basa en el Art. 6 p\u00e1rrafo 1 lit. e o f GDPR. Esto se aplica en particular al tratamiento de tus datos con fines de marketing directo.<br \/>Tambi\u00e9n tienes derecho a la portabilidad de los datos, es decir, puedes recibir los datos personales que nos has facilitado en un formato estructurado, de uso com\u00fan y lectura mec\u00e1nica o solicitar la transferencia de estos datos a otro responsable del tratamiento, siempre que se cumplan los requisitos del Art. 20 GDPR.<br \/>Si consideras que el tratamiento de tus datos personales infringe la normativa sobre protecci\u00f3n de datos o que se han vulnerado tus derechos de cualquier otra forma, tienes derecho a presentar una reclamaci\u00f3n ante la autoridad de control competente, de conformidad con el Art. 77 GDPR.<br \/>Adem\u00e1s, tienes derecho a revocar tu consentimiento para el tratamiento de tus datos personales en cualquier momento con efectos para el futuro, por ejemplo, enviando una notificaci\u00f3n informal por correo electr\u00f3nico o por escrito a los datos de contacto mencionados anteriormente (Art. 7 p\u00e1rrafo 3 GDPR). La legalidad del tratamiento realizado sobre la base de tu consentimiento hasta el momento de la revocaci\u00f3n no se ver\u00e1 afectada por ello.     <\/p>\n","protected":false},"excerpt":{"rendered":"<p>Informaci\u00f3n sobre el tratamiento de tus datos de acuerdo con el Art. 13 y el Art. 14 del Reglamento General de Protecci\u00f3n de Datos (RGPD) 1. informaci\u00f3n general Datos de contacto del responsable del tratamiento y del delegado de protecci\u00f3n de datos3. Tratamiento de datos al visitar nuestro sitio web 3. Tratamiento de datos al [&hellip;]<\/p>\n","protected":false},"author":1,"featured_media":0,"parent":0,"menu_order":0,"comment_status":"closed","ping_status":"open","template":"","meta":{"footnotes":""},"class_list":["post-7393","page","type-page","status-publish","hentry"],"_links":{"self":[{"href":"https:\/\/moto-coach.de\/es\/wp-json\/wp\/v2\/pages\/7393","targetHints":{"allow":["GET"]}}],"collection":[{"href":"https:\/\/moto-coach.de\/es\/wp-json\/wp\/v2\/pages"}],"about":[{"href":"https:\/\/moto-coach.de\/es\/wp-json\/wp\/v2\/types\/page"}],"author":[{"embeddable":true,"href":"https:\/\/moto-coach.de\/es\/wp-json\/wp\/v2\/users\/1"}],"replies":[{"embeddable":true,"href":"https:\/\/moto-coach.de\/es\/wp-json\/wp\/v2\/comments?post=7393"}],"version-history":[{"count":0,"href":"https:\/\/moto-coach.de\/es\/wp-json\/wp\/v2\/pages\/7393\/revisions"}],"wp:attachment":[{"href":"https:\/\/moto-coach.de\/es\/wp-json\/wp\/v2\/media?parent=7393"}],"curies":[{"name":"wp","href":"https:\/\/api.w.org\/{rel}","templated":true}]}}